{"id":4457,"date":"2022-09-25T23:12:45","date_gmt":"2022-09-25T20:12:45","guid":{"rendered":"https:\/\/asprogroup.com.tr\/products\/distributorships\/mapei\/"},"modified":"2022-12-21T01:35:19","modified_gmt":"2022-12-20T22:35:19","slug":"mapei","status":"publish","type":"page","link":"https:\/\/asprogroup.com.tr\/en\/products\/distributorships\/mapei\/","title":{"rendered":"MAPEI"},"content":{"rendered":"\t\t<div data-elementor-type=\"wp-page\" data-elementor-id=\"4457\" class=\"elementor elementor-4457 elementor-2600\">\n\t\t\t\t\t\t<section class=\"elementor-section elementor-top-section elementor-element elementor-element-eadbe76 elementor-section-boxed elementor-section-height-default elementor-section-height-default\" data-id=\"eadbe76\" data-element_type=\"section\">\n\t\t\t\t\t\t<div class=\"elementor-container elementor-column-gap-default\">\n\t\t\t\t\t<div class=\"elementor-column elementor-col-100 elementor-top-column elementor-element elementor-element-5533b85\" data-id=\"5533b85\" data-element_type=\"column\">\n\t\t\t<div class=\"elementor-widget-wrap elementor-element-populated\">\n\t\t\t\t\t\t<div class=\"elementor-element elementor-element-9b02a64 elementor-widget elementor-widget-spacer\" data-id=\"9b02a64\" data-element_type=\"widget\" data-widget_type=\"spacer.default\">\n\t\t\t\t<div class=\"elementor-widget-container\">\n\t\t\t<style>\/*! elementor - v3.23.0 - 05-08-2024 *\/\n.elementor-column .elementor-spacer-inner{height:var(--spacer-size)}.e-con{--container-widget-width:100%}.e-con-inner>.elementor-widget-spacer,.e-con>.elementor-widget-spacer{width:var(--container-widget-width,var(--spacer-size));--align-self:var(--container-widget-align-self,initial);--flex-shrink:0}.e-con-inner>.elementor-widget-spacer>.elementor-widget-container,.e-con>.elementor-widget-spacer>.elementor-widget-container{height:100%;width:100%}.e-con-inner>.elementor-widget-spacer>.elementor-widget-container>.elementor-spacer,.e-con>.elementor-widget-spacer>.elementor-widget-container>.elementor-spacer{height:100%}.e-con-inner>.elementor-widget-spacer>.elementor-widget-container>.elementor-spacer>.elementor-spacer-inner,.e-con>.elementor-widget-spacer>.elementor-widget-container>.elementor-spacer>.elementor-spacer-inner{height:var(--container-widget-height,var(--spacer-size))}.e-con-inner>.elementor-widget-spacer.elementor-widget-empty,.e-con>.elementor-widget-spacer.elementor-widget-empty{position:relative;min-height:22px;min-width:22px}.e-con-inner>.elementor-widget-spacer.elementor-widget-empty .elementor-widget-empty-icon,.e-con>.elementor-widget-spacer.elementor-widget-empty .elementor-widget-empty-icon{position:absolute;top:0;bottom:0;left:0;right:0;margin:auto;padding:0;width:22px;height:22px}<\/style>\t\t<div class=\"elementor-spacer\">\n\t\t\t<div class=\"elementor-spacer-inner\"><\/div>\n\t\t<\/div>\n\t\t\t\t<\/div>\n\t\t\t\t<\/div>\n\t\t\t\t\t<\/div>\n\t\t<\/div>\n\t\t\t\t\t<\/div>\n\t\t<\/section>\n\t\t\t\t<section class=\"elementor-section elementor-top-section elementor-element elementor-element-434d542 elementor-section-full_width elementor-section-height-default elementor-section-height-default\" data-id=\"434d542\" data-element_type=\"section\">\n\t\t\t\t\t\t<div class=\"elementor-container elementor-column-gap-no\">\n\t\t\t\t\t<div class=\"elementor-column elementor-col-100 elementor-top-column elementor-element elementor-element-09029b0\" data-id=\"09029b0\" data-element_type=\"column\">\n\t\t\t<div class=\"elementor-widget-wrap elementor-element-populated\">\n\t\t\t\t\t\t<div class=\"elementor-element elementor-element-6d85284 elementor-widget elementor-widget-about bdevs-el about\" data-id=\"6d85284\" data-element_type=\"widget\" data-settings=\"{&quot;design_style&quot;:&quot;style_7&quot;}\" data-widget_type=\"about.default\">\n\t\t\t\t<div class=\"elementor-widget-container\">\n\t\t\t\r\n        \r\n        <section class=\"about-area\">\r\n            <div class=\"container\">\r\n                <div class=\"row align-items-center wow fadeInUp2\">\r\n                    <div class=\"col-lg-6\">\r\n                        <div class=\"about-img p-relative mr-30 mb-30\">\r\n                            <div class=\"row\">\r\n                                <div class=\"col-lg-12\">\r\n                                    <div class=\"about-img-slider about-active owl-carousel mb-20\">\r\n                                                                                <div class=\"about-slide-img\">\r\n                                            <a href=\"https:\/\/asprogroup.com.tr\/wp-content\/uploads\/2022\/12\/Mapei-gorsel-1.jpg\"><img decoding=\"async\" src=\"https:\/\/asprogroup.com.tr\/wp-content\/uploads\/2022\/12\/Mapei-gorsel-1.jpg\" alt=\"\"><\/a>\r\n                                        <\/div>\r\n                                                                                <div class=\"about-slide-img\">\r\n                                            <a href=\"https:\/\/asprogroup.com.tr\/wp-content\/uploads\/2022\/12\/Mapei-gorsel-2.jpg\"><img decoding=\"async\" src=\"https:\/\/asprogroup.com.tr\/wp-content\/uploads\/2022\/12\/Mapei-gorsel-2.jpg\" alt=\"\"><\/a>\r\n                                        <\/div>\r\n                                                                                <div class=\"about-slide-img\">\r\n                                            <a href=\"https:\/\/asprogroup.com.tr\/wp-content\/uploads\/2022\/12\/Mapei-gorsel-3.jpg\"><img decoding=\"async\" src=\"https:\/\/asprogroup.com.tr\/wp-content\/uploads\/2022\/12\/Mapei-gorsel-3.jpg\" alt=\"\"><\/a>\r\n                                        <\/div>\r\n                                                                                <div class=\"about-slide-img\">\r\n                                            <a href=\"https:\/\/asprogroup.com.tr\/wp-content\/uploads\/2022\/12\/Mapei-gorsel-4.jpg\"><img decoding=\"async\" src=\"https:\/\/asprogroup.com.tr\/wp-content\/uploads\/2022\/12\/Mapei-gorsel-4.jpg\" alt=\"\"><\/a>\r\n                                        <\/div>\r\n                                                                            <\/div>\r\n\r\n                                <\/div>\r\n                                                                <div class=\"col-lg-12\">\r\n                                    <div class=\"about-single-img mb-20\">\r\n                                        <img decoding=\"async\" src=\"https:\/\/asprogroup.com.tr\/wp-content\/uploads\/2022\/12\/Anitkabir.jpg\" alt=\"\">\r\n                                    <\/div>\r\n                                <\/div>\r\n                                                            <\/div>\r\n                        <\/div>\r\n                    <\/div>\r\n                    <div class=\"col-lg-6\">\r\n                        <div class=\"about-content mb-30 bdevs-el-content\">\r\n                            <h2 class=\"section-title bdevs-el-title section-title-o mb-30 bdevs-el-title\"> MAPEI<\/h2>                                                            <p class=\"mb-45\">1937\u2019de Milano\u2019da kurulan, g\u00fcn\u00fcm\u00fczde 5 k\u0131tada 87 alt kurulu\u015f ve 35 \u00fclkede 81 \u00fcretim tesisiyle ve grup b\u00fcnyesinde istihdam edilen 10.000\u2019den fazla \u00e7al\u0131\u015fan\u0131yla faaliyet g\u00f6stermekte olan Mapei, her t\u00fcr zemin, duvar ve kaplama malzemelerinin uygulanmas\u0131 i\u00e7in yap\u0131\u015ft\u0131r\u0131c\u0131 ve tamamlay\u0131c\u0131 \u00fcr\u00fcnler \u00fcretiminde d\u00fcnya lideridir. \n<br><br>\nSu yal\u0131t\u0131m \u00fcr\u00fcnleri, \u00f6zel har\u00e7lar, beton katk\u0131lar\u0131, yeralt\u0131 in\u015faat\u0131 i\u00e7in \u00fcr\u00fcnler, beton ve tarihi yap\u0131lar\u0131n restorasyonu ve denizcilik end\u00fcstrisi i\u00e7in \u00fcr\u00fcnler gibi yap\u0131 end\u00fcstrisinde kullan\u0131lan di\u011fer kimyasal \u00fcr\u00fcnlerde de uzmanla\u015fm\u0131\u015ft\u0131r.<\/p>\r\n                             \r\n\r\n                            <div class=\"about-author\">\r\n                                \r\n                                <div class=\"about-author-nd p-relative pt-10\">\r\n                                    \r\n                                    \r\n                                                                        <div class=\"about-author-signature p-relative mt-35\">\r\n                                        <img decoding=\"async\" src=\"https:\/\/asprogroup.com.tr\/wp-content\/uploads\/2022\/12\/Mapei_Logo.png\" alt=\"\">\r\n                                    <\/div>\r\n                                                                <\/div>\r\n                            <\/div>\r\n                        <\/div>\r\n                    <\/div>\r\n                <\/div>\r\n            <\/div>\r\n        <\/section>\r\n\r\n        \r\n        \t\t<\/div>\n\t\t\t\t<\/div>\n\t\t\t\t\t<\/div>\n\t\t<\/div>\n\t\t\t\t\t<\/div>\n\t\t<\/section>\n\t\t\t\t<\/div>\n\t\t","protected":false},"excerpt":{"rendered":"<p>MAPEI 1937\u2019de Milano\u2019da kurulan, g\u00fcn\u00fcm\u00fczde 5 k\u0131tada 87 alt kurulu\u015f ve 35 \u00fclkede 81 \u00fcretim tesisiyle ve grup b\u00fcnyesinde istihdam edilen 10.000\u2019den fazla \u00e7al\u0131\u015fan\u0131yla faaliyet g\u00f6stermekte olan Mapei, her t\u00fcr zemin, duvar ve kaplama malzemelerinin uygulanmas\u0131 i\u00e7in yap\u0131\u015ft\u0131r\u0131c\u0131 ve tamamlay\u0131c\u0131 \u00fcr\u00fcnler \u00fcretiminde d\u00fcnya lideridir. Su yal\u0131t\u0131m \u00fcr\u00fcnleri, \u00f6zel har\u00e7lar, beton katk\u0131lar\u0131, yeralt\u0131 in\u015faat\u0131 i\u00e7in \u00fcr\u00fcnler, [&hellip;]<\/p>\n","protected":false},"author":1,"featured_media":0,"parent":4365,"menu_order":0,"comment_status":"closed","ping_status":"closed","template":"elementor_header_footer","meta":{"_acf_changed":false,"footnotes":""},"class_list":["post-4457","page","type-page","status-publish","hentry"],"acf":[],"_links":{"self":[{"href":"https:\/\/asprogroup.com.tr\/en\/wp-json\/wp\/v2\/pages\/4457","targetHints":{"allow":["GET"]}}],"collection":[{"href":"https:\/\/asprogroup.com.tr\/en\/wp-json\/wp\/v2\/pages"}],"about":[{"href":"https:\/\/asprogroup.com.tr\/en\/wp-json\/wp\/v2\/types\/page"}],"author":[{"embeddable":true,"href":"https:\/\/asprogroup.com.tr\/en\/wp-json\/wp\/v2\/users\/1"}],"replies":[{"embeddable":true,"href":"https:\/\/asprogroup.com.tr\/en\/wp-json\/wp\/v2\/comments?post=4457"}],"version-history":[{"count":1,"href":"https:\/\/asprogroup.com.tr\/en\/wp-json\/wp\/v2\/pages\/4457\/revisions"}],"predecessor-version":[{"id":4458,"href":"https:\/\/asprogroup.com.tr\/en\/wp-json\/wp\/v2\/pages\/4457\/revisions\/4458"}],"up":[{"embeddable":true,"href":"https:\/\/asprogroup.com.tr\/en\/wp-json\/wp\/v2\/pages\/4365"}],"wp:attachment":[{"href":"https:\/\/asprogroup.com.tr\/en\/wp-json\/wp\/v2\/media?parent=4457"}],"curies":[{"name":"wp","href":"https:\/\/api.w.org\/{rel}","templated":true}]}}